{"id":35,"date":"2023-01-28T23:31:47","date_gmt":"2023-01-28T23:31:47","guid":{"rendered":"https:\/\/maricarmenysusmunecos.es\/?page_id=35"},"modified":"2023-06-16T08:00:27","modified_gmt":"2023-06-16T08:00:27","slug":"blog-de-marica-armen","status":"publish","type":"page","link":"https:\/\/maricarmenysusmunecos.es\/index.php\/blog-de-marica-armen\/","title":{"rendered":"Blog de Marica Armen"},"content":{"rendered":"\t\t<div\r\n\t\t\tclass='wp-block-ap-block-posts apbAdvancedPosts alignwide'\r\n\t\t\tid='apbAdvancedPosts-4d8afa2a-4'\r\n\t\t\tdata-attributes='{&quot;cId&quot;:&quot;4d8afa2a-4&quot;,&quot;align&quot;:&quot;wide&quot;,&quot;isPremium&quot;:true,&quot;layout&quot;:&quot;grid&quot;,&quot;subLayout&quot;:&quot;default&quot;,&quot;columns&quot;:{&quot;desktop&quot;:3,&quot;tablet&quot;:2,&quot;mobile&quot;:1},&quot;columnGap&quot;:15,&quot;rowGap&quot;:15,&quot;isContentEqualHight&quot;:true,&quot;sliderHeight&quot;:&quot;350px&quot;,&quot;content&quot;:{&quot;height&quot;:&quot;auto&quot;},&quot;postType&quot;:&quot;post&quot;,&quot;selectedTaxonomies&quot;:[],&quot;selectedCategories&quot;:[],&quot;selectedTags&quot;:[],&quot;isPostsPerPageAll&quot;:false,&quot;postsPerPage&quot;:12,&quot;postsOrderBy&quot;:&quot;date&quot;,&quot;postsOrder&quot;:&quot;desc&quot;,&quot;postsOffset&quot;:0,&quot;isPagination&quot;:false,&quot;paginationCurrentPage&quot;:1,&quot;paginationPrevLabel&quot;:&quot;Prev&quot;,&quot;paginationNextLabel&quot;:&quot;Next&quot;,&quot;paginationColors&quot;:{&quot;color&quot;:&quot;#fff&quot;,&quot;bg&quot;:&quot;#4527a4&quot;},&quot;paginationHovColors&quot;:{&quot;color&quot;:&quot;#fff&quot;,&quot;bg&quot;:&quot;#8344c5&quot;},&quot;paginationPadding&quot;:{&quot;vertical&quot;:&quot;8px&quot;,&quot;horizontal&quot;:&quot;15px&quot;},&quot;paginationSpacing&quot;:&quot;15px&quot;,&quot;contentAlign&quot;:&quot;left&quot;,&quot;contentBG&quot;:{&quot;color&quot;:&quot;#f4f2fc&quot;},&quot;contentPadding&quot;:{&quot;vertical&quot;:&quot;20px&quot;,&quot;horizontal&quot;:&quot;25px&quot;},&quot;border&quot;:{&quot;radius&quot;:&quot;5px&quot;},&quot;sliderIsLoop&quot;:true,&quot;sliderIsTouchMove&quot;:false,&quot;sliderIsAutoplay&quot;:true,&quot;sliderAutoplayOptions&quot;:{&quot;delay&quot;:1.5},&quot;sliderSpeed&quot;:1.5,&quot;sliderEffect&quot;:&quot;slide&quot;,&quot;sliderIsPage&quot;:true,&quot;sliderIsPageClickable&quot;:true,&quot;sliderIsPageDynamic&quot;:true,&quot;sliderPageColor&quot;:&quot;#4527a4&quot;,&quot;sliderPageWidth&quot;:&quot;15px&quot;,&quot;sliderPageHeight&quot;:&quot;15px&quot;,&quot;sliderPageBorder&quot;:{&quot;radius&quot;:&quot;50%&quot;},&quot;sliderIsPrevNext&quot;:true,&quot;sliderPrevNextColor&quot;:&quot;#4527a4&quot;,&quot;tickerDirection&quot;:&quot;up&quot;,&quot;tickerSpeed&quot;:&quot;slow&quot;,&quot;tickerInterval&quot;:2000,&quot;tickerHeight&quot;:&quot;0px&quot;,&quot;tickerVisible&quot;:3,&quot;tickerIsMousePause&quot;:true,&quot;isFImg&quot;:true,&quot;fImgSize&quot;:&quot;full&quot;,&quot;fImgFitting&quot;:&quot;cover&quot;,&quot;isFImgLink&quot;:false,&quot;isTitle&quot;:true,&quot;isTitleLink&quot;:true,&quot;titleTypo&quot;:{&quot;fontFamily&quot;:&quot;Roboto&quot;,&quot;fontSize&quot;:{&quot;desktop&quot;:25,&quot;tablet&quot;:22,&quot;mobile&quot;:20},&quot;googleFontLink&quot;:&quot;https:\\\/\\\/fonts.googleapis.com\\\/css2?family=Roboto&amp;display=swap&quot;},&quot;titleColor&quot;:&quot;#4527a4&quot;,&quot;titleMargin&quot;:{&quot;side&quot;:4,&quot;bottom&quot;:&quot;15px&quot;},&quot;isMeta&quot;:true,&quot;isMetaAuthor&quot;:true,&quot;isMetaAuthorLink&quot;:true,&quot;metaAuthorIcon&quot;:&quot;&quot;,&quot;isMetaDate&quot;:true,&quot;metaDateFormat&quot;:&quot;M j, Y&quot;,&quot;metaDateIcon&quot;:&quot;&quot;,&quot;isMetaCategory&quot;:true,&quot;metaCategoryIn&quot;:&quot;content&quot;,&quot;metaCategoryIcon&quot;:&quot;&quot;,&quot;isMetaReadTime&quot;:false,&quot;metaReadTimeIcon&quot;:&quot;&quot;,&quot;isMetaReadTimeSec&quot;:false,&quot;metaReadTimeLabel&quot;:&quot;Min read&quot;,&quot;isMetaComment&quot;:false,&quot;metaCommentIcon&quot;:&quot;&quot;,&quot;metaTypo&quot;:{&quot;fontSize&quot;:{&quot;desktop&quot;:13,&quot;tablet&quot;:13,&quot;mobile&quot;:13},&quot;textTransform&quot;:&quot;uppercase&quot;},&quot;metaTextColor&quot;:&quot;#333&quot;,&quot;metaLinkColor&quot;:&quot;#8344c5&quot;,&quot;metaIconColor&quot;:&quot;#4527a4&quot;,&quot;metaColorsOnImage&quot;:{&quot;color&quot;:&quot;#fff&quot;,&quot;bg&quot;:&quot;#8344c5&quot;},&quot;metaMargin&quot;:{&quot;side&quot;:4,&quot;bottom&quot;:&quot;15px&quot;},&quot;isExcerpt&quot;:true,&quot;isExcerptFromContent&quot;:false,&quot;isEllipsisOnExcerpt&quot;:false,&quot;excerptLength&quot;:25,&quot;excerptAlign&quot;:&quot;justify&quot;,&quot;excerptTypo&quot;:{&quot;fontSize&quot;:{&quot;desktop&quot;:15,&quot;tablet&quot;:15,&quot;mobile&quot;:15}},&quot;excerptColor&quot;:&quot;#333&quot;,&quot;excerptMargin&quot;:{&quot;side&quot;:4,&quot;bottom&quot;:&quot;10px&quot;},&quot;isReadMore&quot;:true,&quot;readMorePosition&quot;:&quot;auto&quot;,&quot;readMoreLabel&quot;:&quot;Read More&quot;,&quot;isLinkNewTab&quot;:false,&quot;readMoreAlign&quot;:&quot;left&quot;,&quot;readMoreTypo&quot;:{&quot;fontSize&quot;:{&quot;desktop&quot;:14,&quot;tablet&quot;:14,&quot;mobile&quot;:14},&quot;textTransform&quot;:&quot;uppercase&quot;,&quot;fontWeight&quot;:600},&quot;readMoreColors&quot;:{&quot;color&quot;:&quot;#fff&quot;,&quot;bg&quot;:&quot;#8344c5&quot;},&quot;readMoreHovColors&quot;:{&quot;color&quot;:&quot;#fff&quot;,&quot;bg&quot;:&quot;#4527a4&quot;},&quot;readMorePadding&quot;:{&quot;vertical&quot;:&quot;12px&quot;,&quot;horizontal&quot;:&quot;35px&quot;},&quot;readMoreBorder&quot;:{&quot;radius&quot;:&quot;3px&quot;}}'\r\n\t\t\tdata-extra='{&quot;totalPosts&quot;:1}'\r\n\t\t>\r\n\t\t\t<style>\r\n\t\t\t\t@import url( https:\/\/fonts.googleapis.com\/css2?family=Roboto&amp;display=swap );#apbAdvancedPosts-4d8afa2a-4 .apbPost .apbPostTitle, #apbAdvancedPosts-4d8afa2a-4 .apbPost .apbPostTitle a{ font-family: 'Roboto', sans-serif;font-weight: 400;font-size: 25px;font-style: normal;text-transform: none;text-decoration: auto;line-height: 135%;letter-spacing: 0px; } @media (max-width: 768px) { #apbAdvancedPosts-4d8afa2a-4 .apbPost .apbPostTitle, #apbAdvancedPosts-4d8afa2a-4 .apbPost .apbPostTitle a{ font-size: 22px; } } @media (max-width: 576px) { #apbAdvancedPosts-4d8afa2a-4 .apbPost .apbPostTitle, #apbAdvancedPosts-4d8afa2a-4 .apbPost .apbPostTitle a{ font-size: 20px; } }#apbAdvancedPosts-4d8afa2a-4 .apbPost .apbPostMeta, #apbAdvancedPosts-4d8afa2a-4 .apbPost .apbPostMeta *, #apbAdvancedPosts-4d8afa2a-4 .apbPost .apbPostFImgCats{ font-weight: 400;font-size: 13px;font-style: normal;text-transform: uppercase;text-decoration: auto;line-height: 135%;letter-spacing: 0px; } @media (max-width: 768px) { #apbAdvancedPosts-4d8afa2a-4 .apbPost .apbPostMeta, #apbAdvancedPosts-4d8afa2a-4 .apbPost .apbPostMeta *, #apbAdvancedPosts-4d8afa2a-4 .apbPost .apbPostFImgCats{ font-size: 13px; } } @media (max-width: 576px) { #apbAdvancedPosts-4d8afa2a-4 .apbPost .apbPostMeta, #apbAdvancedPosts-4d8afa2a-4 .apbPost .apbPostMeta *, #apbAdvancedPosts-4d8afa2a-4 .apbPost .apbPostFImgCats{ font-size: 13px; } }#apbAdvancedPosts-4d8afa2a-4 .apbPost .apbPostExcerpt{ font-weight: 400;font-size: 15px;font-style: normal;text-transform: none;text-decoration: auto;line-height: 135%;letter-spacing: 0px; } @media (max-width: 768px) { #apbAdvancedPosts-4d8afa2a-4 .apbPost .apbPostExcerpt{ font-size: 15px; } } @media (max-width: 576px) { #apbAdvancedPosts-4d8afa2a-4 .apbPost .apbPostExcerpt{ font-size: 15px; } }#apbAdvancedPosts-4d8afa2a-4 .apbPost .apbPostReadMore a{ font-weight: 600;font-size: 14px;font-style: normal;text-transform: uppercase;text-decoration: auto;line-height: 135%;letter-spacing: 0px; } @media (max-width: 768px) { #apbAdvancedPosts-4d8afa2a-4 .apbPost .apbPostReadMore a{ font-size: 14px; } } @media (max-width: 576px) { #apbAdvancedPosts-4d8afa2a-4 .apbPost .apbPostReadMore a{ font-size: 14px; } }#apbAdvancedPosts-4d8afa2a-4 .apbPagination .apbPagePrev, #apbAdvancedPosts-4d8afa2a-4 .apbPagination .apbPageNumber, #apbAdvancedPosts-4d8afa2a-4 .apbPagination .apbPageNext {  font-size: 15px;color: #fff;background: #4527a4; padding: 8px 15px; margin: 0 calc( 15px \/ 2 ); }#apbAdvancedPosts-4d8afa2a-4 .apbPagination .apbPagePrev:hover, #apbAdvancedPosts-4d8afa2a-4 .apbPagination .apbPageNumber:hover, #apbAdvancedPosts-4d8afa2a-4 .apbPagination .apbPageNext:hover, #apbAdvancedPosts-4d8afa2a-4 .apbPagination .apbActivePage { color: #fff;background: #8344c5; }#apbAdvancedPosts-4d8afa2a-4 .apbPost {  margin-bottom: 0px;border-radius: 5px; }#apbAdvancedPosts-4d8afa2a-4 .apbPostDefault, #apbAdvancedPosts-4d8afa2a-4 .apbPostSideImage {  text-align: left;background: #f4f2fc; }#apbAdvancedPosts-4d8afa2a-4 .apbPost .apbPostText {  padding: 20px 25px; }#apbAdvancedPosts-4d8afa2a-4 .apbPostOverlay .apbPostText { background: #f4f2fc; align-items: flex-start; }#apbAdvancedPosts-4d8afa2a-4 .apbPost .apbPostTitle, #apbAdvancedPosts-4d8afa2a-4 .apbPost .apbPostTitle a {  text-align: left; color: #4527a4; }#apbAdvancedPosts-4d8afa2a-4 .apbPost .apbPostTitle {  margin: 0px 0px 15px 0px; }#apbAdvancedPosts-4d8afa2a-4 .apbPost .apbPostMeta {  justify-content: flex-start; color: #333; margin: 0px 0px 15px 0px; }#apbAdvancedPosts-4d8afa2a-4 .apbPost .apbPostMeta a {  color: #8344c5; }#apbAdvancedPosts-4d8afa2a-4 .apbPost .apbPostMeta .dashicons {  color: #4527a4; }#apbAdvancedPosts-4d8afa2a-4 .apbPost .apbPostFImg img, #apbAdvancedPosts-4d8afa2a-4 .apbPost.apbPostOverlay img {  object-fit: cover; }#apbAdvancedPosts-4d8afa2a-4 .apbPost .apbPostFImgCats a { color: #fff;background: #8344c5; }#apbAdvancedPosts-4d8afa2a-4 .apbPost .apbPostExcerpt {  text-align: justify; color: #333; margin: 0px 0px 10px 0px; }#apbAdvancedPosts-4d8afa2a-4 .apbPost .apbPostReadMore {  text-align: left; }#apbAdvancedPosts-4d8afa2a-4 .apbPost .apbPostReadMore a { color: #fff;background: #8344c5; padding: 12px 35px;border-radius: 3px; }#apbAdvancedPosts-4d8afa2a-4 .apbPost .apbPostReadMore a:hover { color: #fff;background: #4527a4; }#apbAdvancedPosts-4d8afa2a-4 .apbGridPosts, #apbAdvancedPosts-4d8afa2a-4 .apbGrid1Posts {  grid-gap: 15px 15px; align-items: initial; }#apbAdvancedPosts-4d8afa2a-4 .apbMasonryPosts {  gap: 15px; }#apbAdvancedPosts-4d8afa2a-4 .apbSliderPosts, #apbAdvancedPosts-4d8afa2a-4 .apbSliderPosts .swiper-slide {  min-height: 350px; }#apbAdvancedPosts-4d8afa2a-4 .apbSliderPosts .swiper-pagination .swiper-pagination-bullet {  background: #4527a4; width: 15px; height: 15px;border-radius: 50%; }#apbAdvancedPosts-4d8afa2a-4 .apbSliderPosts .swiper-button-prev, #apbAdvancedPosts-4d8afa2a-4 .apbSliderPosts .swiper-button-next {  color: #4527a4; }@media (max-width: 576px) {#apbAdvancedPosts-4d8afa2a-4 .apbPagination .apbPagePrev, #apbAdvancedPosts-4d8afa2a-4 .apbPagination .apbPageNumber, #apbAdvancedPosts-4d8afa2a-4 .apbPagination .apbPageNext {  font-size: 12px; padding: calc( 8px \/ 2 ) calc( 15px \/ 2 ); margin: 0 calc( 15px \/ 4 ); }}\t\t\t<\/style>\r\n\r\n\t\t\t<div class='apbPostsMainPH'>\r\n\t\t\t\t\t\t\t\t<div class='apbGridPosts columns-3 columns-tablet-2 columns-mobile-1'>\r\n\t\t\t\t\t\t\t<article class='apbPost apbPost-64 autoContentHeight apbPostDefault'>\r\n\t\t\t\r\n\t\t\t<div class='apbPostText'>\r\n\t\t\t\t\t\t\t<h3 class='apbPostTitle'>\r\n\t\t\t\t<a href=https:\/\/maricarmenysusmunecos.es\/index.php\/2023\/06\/16\/mi-primera-experiencia-con-mi-marido-sin-pantalones\/ target='_self' rel='noreferrer'>Mi primera experiencia con mi marido sin pantalones<\/a>\t\t\t<\/h3>\r\n\t\t\t\t\t\t<div class='apbPostMeta'>\r\n\t\t\t\t<span><span class='dashicon dashicons dashicons-admin-users'><\/span> <a href='https:\/\/maricarmenysusmunecos.es\/index.php\/author\/adminmarica\/' rel='author'>adminmarica<\/a><\/span><span><span class='dashicon dashicons dashicons-calendar'><\/span> <span>Jan 28, 2023<\/span><\/span><span><span class='dashicon dashicons dashicons-category'><\/span> <span><a href=\"https:\/\/maricarmenysusmunecos.es\/index.php\/category\/uncategorized\/\" rel=\"category tag\">Uncategorized<\/a><\/span><\/span>\t\t\t<\/div>\r\n\t\t\t\t\t\t<div class='apbPostExcerpt apbInnerContent'>\r\n\t\t\t\t\nLlegu\u00e9 a casa una noche de pedo. Estaba aturdida pero cachonda. No s\u00e9 cuando ni como pero en un momento me v\u00ed siendo penetrada por\r\n\t\t\t\t<p class='read-more'>\r\n\t\t\t\t\t<a href='https:\/\/maricarmenysusmunecos.es\/index.php\/2023\/06\/16\/mi-primera-experiencia-con-mi-marido-sin-pantalones\/'>Read More &raquo;<\/a>\r\n\t\t\t\t<\/p>\r\n\t\t\t<\/div>\r\n\t\t\t\t\t\t<div class='apbPostReadMore auto'>\r\n\t\t\t\t<a href='https:\/\/maricarmenysusmunecos.es\/index.php\/2023\/06\/16\/mi-primera-experiencia-con-mi-marido-sin-pantalones\/' target='_self' rel='noreferrer'>Read More<\/a>\r\n\t\t\t<\/div>\r\n\t\t\t\t\t\t<\/div>\r\n\t\t<\/article>\r\n\t\t\t\t\t\t<\/div>\r\n\t\t\t\t\t\t<\/div>\r\n\r\n\t\t\t<div class='apbPostsMain'><\/div>\r\n\t\t<\/div>\r\n\t\t","protected":false},"excerpt":{"rendered":"","protected":false},"author":1,"featured_media":0,"parent":0,"menu_order":0,"comment_status":"closed","ping_status":"closed","template":"","meta":{"footnotes":""},"class_list":["post-35","page","type-page","status-publish","hentry"],"_links":{"self":[{"href":"https:\/\/maricarmenysusmunecos.es\/index.php\/wp-json\/wp\/v2\/pages\/35","targetHints":{"allow":["GET"]}}],"collection":[{"href":"https:\/\/maricarmenysusmunecos.es\/index.php\/wp-json\/wp\/v2\/pages"}],"about":[{"href":"https:\/\/maricarmenysusmunecos.es\/index.php\/wp-json\/wp\/v2\/types\/page"}],"author":[{"embeddable":true,"href":"https:\/\/maricarmenysusmunecos.es\/index.php\/wp-json\/wp\/v2\/users\/1"}],"replies":[{"embeddable":true,"href":"https:\/\/maricarmenysusmunecos.es\/index.php\/wp-json\/wp\/v2\/comments?post=35"}],"version-history":[{"count":3,"href":"https:\/\/maricarmenysusmunecos.es\/index.php\/wp-json\/wp\/v2\/pages\/35\/revisions"}],"predecessor-version":[{"id":68,"href":"https:\/\/maricarmenysusmunecos.es\/index.php\/wp-json\/wp\/v2\/pages\/35\/revisions\/68"}],"wp:attachment":[{"href":"https:\/\/maricarmenysusmunecos.es\/index.php\/wp-json\/wp\/v2\/media?parent=35"}],"curies":[{"name":"wp","href":"https:\/\/api.w.org\/{rel}","templated":true}]}}