{"id":41,"date":"2023-06-16T06:14:26","date_gmt":"2023-06-16T06:14:26","guid":{"rendered":"https:\/\/maricarmenysusmunecos.es\/?post_type=product&#038;p=41"},"modified":"2026-02-15T21:41:29","modified_gmt":"2026-02-15T21:41:29","slug":"mi-marido-sin-pantalones","status":"publish","type":"product","link":"https:\/\/maricarmenysusmunecos.es\/index.php\/product\/mi-marido-sin-pantalones\/","title":{"rendered":"Mi marido sin pantalones"},"content":{"rendered":"<p>Mi marido sin pantalones har\u00e1 las delicias de todas y todos los que necesitan un marido pero solo lo quieren de cintura para abajo.<\/p>\n<p>El tama\u00f1o de este compa\u00f1ero no te dejar\u00e1 imp\u00e1vida. Su textura har\u00e1 las delicias de los culos o co\u00f1os m\u00e1s delicados, pero su tama\u00f1o podr\u00eda hacer que se te saltaran los ojos de las cuencas. Se recomienda no profundizar mucho si eres un poco estrechita o poco tragona. Si por el contrario lo eres, se recomienda ponerse esparadrapo en los ojos para evitar el efecto secundario de &#8220;salida de cuencas&#8221; que provoca este dildo.<\/p>\n<p>Si la salida de cuencas no es un problema para t\u00ed, te recomendamos el producto que sin duda ser\u00e1 tu producto:<\/p>\n<p><span id=\"sample-permalink\"><a href=\"https:\/\/maricarmenysusmunecos.es\/?post_type=product&amp;p=41&amp;preview=true\" target=\"wp-preview-41\" rel=\"noopener\">https:\/\/maricarmenysusmunecos.es\/index.php\/product\/<span id=\"editable-post-name\">salida-de-cuencas<\/span>\/<\/a><\/span><\/p>\n","protected":false},"excerpt":{"rendered":"<p>Mi marido sin pantalones har\u00e1 las delicias de todas y todos los que necesitan un marido pero solo lo quieren de cintura para abajo. El tama\u00f1o de este compa\u00f1ero no te dejar\u00e1 imp\u00e1vida. Su textura har\u00e1 las delicias de los culos o co\u00f1os m\u00e1s delicados, pero su tama\u00f1o podr\u00eda hacer que se te saltaran los [&hellip;]<\/p>\n","protected":false},"featured_media":51,"comment_status":"open","ping_status":"closed","template":"","meta":[],"product_cat":[19],"product_tag":[17,18],"class_list":["post-41","product","type-product","status-publish","has-post-thumbnail","hentry","product_cat-grandecitos","product_tag-cuencas","product_tag-marido"],"_links":{"self":[{"href":"https:\/\/maricarmenysusmunecos.es\/index.php\/wp-json\/wp\/v2\/product\/41","targetHints":{"allow":["GET"]}}],"collection":[{"href":"https:\/\/maricarmenysusmunecos.es\/index.php\/wp-json\/wp\/v2\/product"}],"about":[{"href":"https:\/\/maricarmenysusmunecos.es\/index.php\/wp-json\/wp\/v2\/types\/product"}],"replies":[{"embeddable":true,"href":"https:\/\/maricarmenysusmunecos.es\/index.php\/wp-json\/wp\/v2\/comments?post=41"}],"wp:featuredmedia":[{"embeddable":true,"href":"https:\/\/maricarmenysusmunecos.es\/index.php\/wp-json\/wp\/v2\/media\/51"}],"wp:attachment":[{"href":"https:\/\/maricarmenysusmunecos.es\/index.php\/wp-json\/wp\/v2\/media?parent=41"}],"wp:term":[{"taxonomy":"product_cat","embeddable":true,"href":"https:\/\/maricarmenysusmunecos.es\/index.php\/wp-json\/wp\/v2\/product_cat?post=41"},{"taxonomy":"product_tag","embeddable":true,"href":"https:\/\/maricarmenysusmunecos.es\/index.php\/wp-json\/wp\/v2\/product_tag?post=41"}],"curies":[{"name":"wp","href":"https:\/\/api.w.org\/{rel}","templated":true}]}}