{"id":44,"date":"2023-06-16T06:35:29","date_gmt":"2023-06-16T06:35:29","guid":{"rendered":"https:\/\/maricarmenysusmunecos.es\/?post_type=product&#038;p=44"},"modified":"2023-06-16T07:19:12","modified_gmt":"2023-06-16T07:19:12","slug":"salida-de-cuencas","status":"publish","type":"product","link":"https:\/\/maricarmenysusmunecos.es\/index.php\/product\/salida-de-cuencas\/","title":{"rendered":"Salida de cuencas"},"content":{"rendered":"<p>Salida de cuencas es un dildo de tama\u00f1o superior que har\u00e1 las delicias de los culos o co\u00f1os m\u00e1s tragones. Para aquellos que disfrut\u00e1is de la presi\u00f3n de los ojos a punto de salirse de las cuencas cuando profundiz\u00e1is con vuestro dildo, este es vuestro dildo.<\/p>\n<p>Ll\u00e9vate salida de cuencas ahora y te regalamos una maleta de viaje facturable en avi\u00f3n para que tu dildo no se quede nunca aburrido en casa y te acompa\u00f1e en todos tus desplazamientos.<\/p>\n","protected":false},"excerpt":{"rendered":"<p>Salida de cuencas es un dildo de tama\u00f1o superior que har\u00e1 las delicias de los culos o co\u00f1os m\u00e1s tragones. Para aquellos que disfrut\u00e1is de la presi\u00f3n de los ojos a punto de salirse de las cuencas cuando profundiz\u00e1is con vuestro dildo, este es vuestro dildo. Ll\u00e9vate salida de cuencas ahora y te regalamos una [&hellip;]<\/p>\n","protected":false},"featured_media":52,"comment_status":"open","ping_status":"closed","template":"","meta":[],"product_cat":[19],"product_tag":[17,20],"class_list":["post-44","product","type-product","status-publish","has-post-thumbnail","hentry","product_cat-grandecitos","product_tag-cuencas","product_tag-salida"],"_links":{"self":[{"href":"https:\/\/maricarmenysusmunecos.es\/index.php\/wp-json\/wp\/v2\/product\/44","targetHints":{"allow":["GET"]}}],"collection":[{"href":"https:\/\/maricarmenysusmunecos.es\/index.php\/wp-json\/wp\/v2\/product"}],"about":[{"href":"https:\/\/maricarmenysusmunecos.es\/index.php\/wp-json\/wp\/v2\/types\/product"}],"replies":[{"embeddable":true,"href":"https:\/\/maricarmenysusmunecos.es\/index.php\/wp-json\/wp\/v2\/comments?post=44"}],"wp:featuredmedia":[{"embeddable":true,"href":"https:\/\/maricarmenysusmunecos.es\/index.php\/wp-json\/wp\/v2\/media\/52"}],"wp:attachment":[{"href":"https:\/\/maricarmenysusmunecos.es\/index.php\/wp-json\/wp\/v2\/media?parent=44"}],"wp:term":[{"taxonomy":"product_cat","embeddable":true,"href":"https:\/\/maricarmenysusmunecos.es\/index.php\/wp-json\/wp\/v2\/product_cat?post=44"},{"taxonomy":"product_tag","embeddable":true,"href":"https:\/\/maricarmenysusmunecos.es\/index.php\/wp-json\/wp\/v2\/product_tag?post=44"}],"curies":[{"name":"wp","href":"https:\/\/api.w.org\/{rel}","templated":true}]}}